{"id":222,"date":"2019-03-23T13:44:46","date_gmt":"2019-03-23T13:44:46","guid":{"rendered":"https:\/\/demo.hellowp.io\/2\/?page_id=22"},"modified":"2023-10-30T16:05:08","modified_gmt":"2023-10-30T15:05:08","slug":"szolgaltatasok","status":"publish","type":"page","link":"https:\/\/massatechnic.com\/index.php\/szolgaltatasok\/","title":{"rendered":"Szolg\u00e1ltat\u00e1sok"},"content":{"rendered":"<p><strong>Az elektronikai hullad\u00e9k \u00fajrahasznos\u00edt\u00e1sa sokkal bonyolultabb, mint az \u00e1ltal\u00e1nos hullad\u00e9k \u00fajrahasznos\u00edt\u00e1s. Ez egy olyan elj\u00e1r\u00e1s, amelynek c\u00e9lja az elektronikai hullad\u00e9kb\u00f3l sz\u00e1rmaz\u00f3 anyagok visszanyer\u00e9se, \u00edgy felhaszn\u00e1lhat\u00f3ak legyenek \u00faj elektronikai term\u00e9kekben.\u00a0<\/strong><\/p>\n<p>\u00c1ltal\u00e1ban az \u00fajrahasznos\u00edt\u00e1si folyamat els\u0151 l\u00e9p\u00e9se a k\u00e9zi v\u00e1logat\u00e1s.\u00a0Miut\u00e1n az elektronikai hullad\u00e9kot \u00f6sszegy\u0171jt\u00f6tt\u00e9k \u00e9s telephely\u00fcnk valamelyik\u00e9re sz\u00e1ll\u00edtott\u00e1k, a munkav\u00e1llal\u00f3k t\u00edpusuk \u00e9s modelljeik szerint kateg\u00f3ri\u00e1kba sorolj\u00e1k ezeket.\u00a0Ezt k\u00f6vet\u0151en minden elektronikus eszk\u00f6zt megvizsg\u00e1lnak, amelyekb\u0151l a m\u00e9g m\u0171k\u00f6d\u0151k\u00e9pes r\u00e9szeket kinyerik. <\/p>\n<blockquote><p>K\u00e9t t\u00edpus\u00fa \u00fajrahasznos\u00edt\u00e1s zajlik n\u00e1lunk, elk\u00fcl\u00f6n\u00edt\u00fcnk term\u00e9kek, melyeknek egy r\u00e9sze \u00fajra felhaszn\u00e1lhat\u00f3 pl.: alkatr\u00e9szk\u00e9nt, \u00e9s olyan term\u00e9keket is, amelyek k\u00fcl\u00f6n\u00e1ll\u00f3an is \u00e9rt\u00e9kes\u00edthet\u0151ek. <\/p><\/blockquote>\n","protected":false},"excerpt":{"rendered":"<p>Az elektronikai hullad\u00e9k \u00fajrahasznos\u00edt\u00e1sa sokkal bonyolultabb, mint az \u00e1ltal\u00e1nos hullad\u00e9k \u00fajrahasznos\u00edt\u00e1s. Ez egy olyan elj\u00e1r\u00e1s, amelynek c\u00e9lja az elektronikai hullad\u00e9kb\u00f3l sz\u00e1rmaz\u00f3 anyagok visszanyer\u00e9se, \u00edgy felhaszn\u00e1lhat\u00f3ak legyenek \u00faj elektronikai term\u00e9kekben.\u00a0 \u00c1ltal\u00e1ban az \u00fajrahasznos\u00edt\u00e1si folyamat els\u0151 l\u00e9p\u00e9se a k\u00e9zi v\u00e1logat\u00e1s.\u00a0Miut\u00e1n az elektronikai hullad\u00e9kot \u00f6sszegy\u0171jt\u00f6tt\u00e9k \u00e9s telephely\u00fcnk valamelyik\u00e9re sz\u00e1ll\u00edtott\u00e1k, a munkav\u00e1llal\u00f3k t\u00edpusuk \u00e9s modelljeik szerint kateg\u00f3ri\u00e1kba sorolj\u00e1k ezeket.\u00a0Ezt&hellip; <br \/> <a class=\"button small blue\" href=\"https:\/\/massatechnic.com\/index.php\/szolgaltatasok\/\">Read more<\/a><\/p>\n","protected":false},"author":1,"featured_media":0,"parent":0,"menu_order":0,"comment_status":"closed","ping_status":"closed","template":"","meta":{"cybocfi_hide_featured_image":"","footnotes":""},"class_list":["post-222","page","type-page","status-publish","hentry"],"yoast_head":"<!-- This site is optimized with the Yoast SEO Premium plugin v21.8 (Yoast SEO v21.8) - https:\/\/yoast.com\/wordpress\/plugins\/seo\/ -->\n<title>Szolg\u00e1ltat\u00e1sok - Massatechnic Kft.<\/title>\n<meta name=\"robots\" content=\"index, follow, max-snippet:-1, max-image-preview:large, max-video-preview:-1\" \/>\n<link rel=\"canonical\" href=\"https:\/\/massatechnic.com\/index.php\/szolgaltatasok\/\" \/>\n<meta property=\"og:locale\" content=\"hu_HU\" \/>\n<meta property=\"og:type\" content=\"article\" \/>\n<meta property=\"og:title\" content=\"Szolg\u00e1ltat\u00e1sok\" \/>\n<meta property=\"og:description\" content=\"Az elektronikai hullad\u00e9k \u00fajrahasznos\u00edt\u00e1sa sokkal bonyolultabb, mint az \u00e1ltal\u00e1nos hullad\u00e9k \u00fajrahasznos\u00edt\u00e1s. Ez egy olyan elj\u00e1r\u00e1s, amelynek c\u00e9lja az elektronikai hullad\u00e9kb\u00f3l sz\u00e1rmaz\u00f3 anyagok visszanyer\u00e9se, \u00edgy felhaszn\u00e1lhat\u00f3ak legyenek \u00faj elektronikai term\u00e9kekben.\u00a0 \u00c1ltal\u00e1ban az \u00fajrahasznos\u00edt\u00e1si folyamat els\u0151 l\u00e9p\u00e9se a k\u00e9zi v\u00e1logat\u00e1s.\u00a0Miut\u00e1n az elektronikai hullad\u00e9kot \u00f6sszegy\u0171jt\u00f6tt\u00e9k \u00e9s telephely\u00fcnk valamelyik\u00e9re sz\u00e1ll\u00edtott\u00e1k, a munkav\u00e1llal\u00f3k t\u00edpusuk \u00e9s modelljeik szerint kateg\u00f3ri\u00e1kba sorolj\u00e1k ezeket.\u00a0Ezt&hellip; Read more\" \/>\n<meta property=\"og:url\" content=\"https:\/\/massatechnic.com\/index.php\/szolgaltatasok\/\" \/>\n<meta property=\"og:site_name\" content=\"Massatechnic Kft.\" \/>\n<meta property=\"article:modified_time\" content=\"2023-10-30T15:05:08+00:00\" \/>\n<meta property=\"og:image\" content=\"https:\/\/massatechnic.com\/wp-content\/uploads\/2023\/05\/massatechnic.jpeg\" \/>\n\t<meta property=\"og:image:width\" content=\"2097\" \/>\n\t<meta property=\"og:image:height\" content=\"2097\" \/>\n\t<meta property=\"og:image:type\" content=\"image\/jpeg\" \/>\n<meta name=\"twitter:card\" content=\"summary_large_image\" \/>\n<meta name=\"twitter:label1\" content=\"Becs\u00fclt olvas\u00e1si id\u0151\" \/>\n\t<meta name=\"twitter:data1\" content=\"1 perc\" \/>\n<script type=\"application\/ld+json\" class=\"yoast-schema-graph\">{\"@context\":\"https:\/\/schema.org\",\"@graph\":[{\"@type\":\"WebPage\",\"@id\":\"https:\/\/massatechnic.com\/index.php\/szolgaltatasok\/\",\"url\":\"https:\/\/massatechnic.com\/index.php\/szolgaltatasok\/\",\"name\":\"Szolg\u00e1ltat\u00e1sok - Massatechnic Kft.\",\"isPartOf\":{\"@id\":\"https:\/\/massatechnic.com\/#website\"},\"datePublished\":\"2019-03-23T13:44:46+00:00\",\"dateModified\":\"2023-10-30T15:05:08+00:00\",\"breadcrumb\":{\"@id\":\"https:\/\/massatechnic.com\/index.php\/szolgaltatasok\/#breadcrumb\"},\"inLanguage\":\"hu\",\"potentialAction\":[{\"@type\":\"ReadAction\",\"target\":[\"https:\/\/massatechnic.com\/index.php\/szolgaltatasok\/\"]}]},{\"@type\":\"BreadcrumbList\",\"@id\":\"https:\/\/massatechnic.com\/index.php\/szolgaltatasok\/#breadcrumb\",\"itemListElement\":[{\"@type\":\"ListItem\",\"position\":1,\"name\":\"Kezd\u0151lap\",\"item\":\"https:\/\/massatechnic.com\/\"},{\"@type\":\"ListItem\",\"position\":2,\"name\":\"Szolg\u00e1ltat\u00e1sok\"}]},{\"@type\":\"WebSite\",\"@id\":\"https:\/\/massatechnic.com\/#website\",\"url\":\"https:\/\/massatechnic.com\/\",\"name\":\"Massatechnic - A fenntarthat\u00f3s\u00e1g\u00e9rt - a j\u00f6v\u0151 gener\u00e1ci\u00f3i\u00e9rt\",\"description\":\"K\u00f6z\u00f6s er\u0151vel n\u00f6velj\u00fck meg egy\u00fctt elektromos eszk\u00f6zeink \u00e9lettartam\u00e1t, ez\u00e1ltal F\u00f6ld\u00fcnk k\u00f6rnyezeti terhel\u00e9s\u00e9t hossz\u00fa t\u00e1von cs\u00f6kkentj\u00fck.\",\"publisher\":{\"@id\":\"https:\/\/massatechnic.com\/#organization\"},\"alternateName\":\"K\u00f6z\u00f6s er\u0151vel n\u00f6velj\u00fck meg egy\u00fctt elektromos eszk\u00f6zeink \u00e9lettartam\u00e1t, ez\u00e1ltal F\u00f6ld\u00fcnk k\u00f6rnyezeti terhel\u00e9s\u00e9t hossz\u00fa t\u00e1von cs\u00f6kkentj\u00fck.\",\"potentialAction\":[{\"@type\":\"SearchAction\",\"target\":{\"@type\":\"EntryPoint\",\"urlTemplate\":\"https:\/\/massatechnic.com\/?s={search_term_string}\"},\"query-input\":\"required name=search_term_string\"}],\"inLanguage\":\"hu\"},{\"@type\":\"Organization\",\"@id\":\"https:\/\/massatechnic.com\/#organization\",\"name\":\"Massatechnic - A fenntarthat\u00f3s\u00e1g\u00e9rt - a j\u00f6v\u0151 gener\u00e1ci\u00f3i\u00e9rt\",\"url\":\"https:\/\/massatechnic.com\/\",\"logo\":{\"@type\":\"ImageObject\",\"inLanguage\":\"hu\",\"@id\":\"https:\/\/massatechnic.com\/#\/schema\/logo\/image\/\",\"url\":\"https:\/\/massatechnic.com\/wp-content\/uploads\/2023\/05\/massatechnic.jpg\",\"contentUrl\":\"https:\/\/massatechnic.com\/wp-content\/uploads\/2023\/05\/massatechnic.jpg\",\"width\":2097,\"height\":1499,\"caption\":\"Massatechnic - A fenntarthat\u00f3s\u00e1g\u00e9rt - a j\u00f6v\u0151 gener\u00e1ci\u00f3i\u00e9rt\"},\"image\":{\"@id\":\"https:\/\/massatechnic.com\/#\/schema\/logo\/image\/\"}}]}<\/script>\n<!-- \/ Yoast SEO Premium plugin. -->","yoast_head_json":{"title":"Szolg\u00e1ltat\u00e1sok - Massatechnic Kft.","robots":{"index":"index","follow":"follow","max-snippet":"max-snippet:-1","max-image-preview":"max-image-preview:large","max-video-preview":"max-video-preview:-1"},"canonical":"https:\/\/massatechnic.com\/index.php\/szolgaltatasok\/","og_locale":"hu_HU","og_type":"article","og_title":"Szolg\u00e1ltat\u00e1sok","og_description":"Az elektronikai hullad\u00e9k \u00fajrahasznos\u00edt\u00e1sa sokkal bonyolultabb, mint az \u00e1ltal\u00e1nos hullad\u00e9k \u00fajrahasznos\u00edt\u00e1s. Ez egy olyan elj\u00e1r\u00e1s, amelynek c\u00e9lja az elektronikai hullad\u00e9kb\u00f3l sz\u00e1rmaz\u00f3 anyagok visszanyer\u00e9se, \u00edgy felhaszn\u00e1lhat\u00f3ak legyenek \u00faj elektronikai term\u00e9kekben.\u00a0 \u00c1ltal\u00e1ban az \u00fajrahasznos\u00edt\u00e1si folyamat els\u0151 l\u00e9p\u00e9se a k\u00e9zi v\u00e1logat\u00e1s.\u00a0Miut\u00e1n az elektronikai hullad\u00e9kot \u00f6sszegy\u0171jt\u00f6tt\u00e9k \u00e9s telephely\u00fcnk valamelyik\u00e9re sz\u00e1ll\u00edtott\u00e1k, a munkav\u00e1llal\u00f3k t\u00edpusuk \u00e9s modelljeik szerint kateg\u00f3ri\u00e1kba sorolj\u00e1k ezeket.\u00a0Ezt&hellip; Read more","og_url":"https:\/\/massatechnic.com\/index.php\/szolgaltatasok\/","og_site_name":"Massatechnic Kft.","article_modified_time":"2023-10-30T15:05:08+00:00","og_image":[{"width":2097,"height":2097,"url":"https:\/\/massatechnic.com\/wp-content\/uploads\/2023\/05\/massatechnic.jpeg","type":"image\/jpeg"}],"twitter_card":"summary_large_image","twitter_misc":{"Becs\u00fclt olvas\u00e1si id\u0151":"1 perc"},"schema":{"@context":"https:\/\/schema.org","@graph":[{"@type":"WebPage","@id":"https:\/\/massatechnic.com\/index.php\/szolgaltatasok\/","url":"https:\/\/massatechnic.com\/index.php\/szolgaltatasok\/","name":"Szolg\u00e1ltat\u00e1sok - Massatechnic Kft.","isPartOf":{"@id":"https:\/\/massatechnic.com\/#website"},"datePublished":"2019-03-23T13:44:46+00:00","dateModified":"2023-10-30T15:05:08+00:00","breadcrumb":{"@id":"https:\/\/massatechnic.com\/index.php\/szolgaltatasok\/#breadcrumb"},"inLanguage":"hu","potentialAction":[{"@type":"ReadAction","target":["https:\/\/massatechnic.com\/index.php\/szolgaltatasok\/"]}]},{"@type":"BreadcrumbList","@id":"https:\/\/massatechnic.com\/index.php\/szolgaltatasok\/#breadcrumb","itemListElement":[{"@type":"ListItem","position":1,"name":"Kezd\u0151lap","item":"https:\/\/massatechnic.com\/"},{"@type":"ListItem","position":2,"name":"Szolg\u00e1ltat\u00e1sok"}]},{"@type":"WebSite","@id":"https:\/\/massatechnic.com\/#website","url":"https:\/\/massatechnic.com\/","name":"Massatechnic - A fenntarthat\u00f3s\u00e1g\u00e9rt - a j\u00f6v\u0151 gener\u00e1ci\u00f3i\u00e9rt","description":"K\u00f6z\u00f6s er\u0151vel n\u00f6velj\u00fck meg egy\u00fctt elektromos eszk\u00f6zeink \u00e9lettartam\u00e1t, ez\u00e1ltal F\u00f6ld\u00fcnk k\u00f6rnyezeti terhel\u00e9s\u00e9t hossz\u00fa t\u00e1von cs\u00f6kkentj\u00fck.","publisher":{"@id":"https:\/\/massatechnic.com\/#organization"},"alternateName":"K\u00f6z\u00f6s er\u0151vel n\u00f6velj\u00fck meg egy\u00fctt elektromos eszk\u00f6zeink \u00e9lettartam\u00e1t, ez\u00e1ltal F\u00f6ld\u00fcnk k\u00f6rnyezeti terhel\u00e9s\u00e9t hossz\u00fa t\u00e1von cs\u00f6kkentj\u00fck.","potentialAction":[{"@type":"SearchAction","target":{"@type":"EntryPoint","urlTemplate":"https:\/\/massatechnic.com\/?s={search_term_string}"},"query-input":"required name=search_term_string"}],"inLanguage":"hu"},{"@type":"Organization","@id":"https:\/\/massatechnic.com\/#organization","name":"Massatechnic - A fenntarthat\u00f3s\u00e1g\u00e9rt - a j\u00f6v\u0151 gener\u00e1ci\u00f3i\u00e9rt","url":"https:\/\/massatechnic.com\/","logo":{"@type":"ImageObject","inLanguage":"hu","@id":"https:\/\/massatechnic.com\/#\/schema\/logo\/image\/","url":"https:\/\/massatechnic.com\/wp-content\/uploads\/2023\/05\/massatechnic.jpg","contentUrl":"https:\/\/massatechnic.com\/wp-content\/uploads\/2023\/05\/massatechnic.jpg","width":2097,"height":1499,"caption":"Massatechnic - A fenntarthat\u00f3s\u00e1g\u00e9rt - a j\u00f6v\u0151 gener\u00e1ci\u00f3i\u00e9rt"},"image":{"@id":"https:\/\/massatechnic.com\/#\/schema\/logo\/image\/"}}]}},"_links":{"self":[{"href":"https:\/\/massatechnic.com\/index.php\/wp-json\/wp\/v2\/pages\/222","targetHints":{"allow":["GET"]}}],"collection":[{"href":"https:\/\/massatechnic.com\/index.php\/wp-json\/wp\/v2\/pages"}],"about":[{"href":"https:\/\/massatechnic.com\/index.php\/wp-json\/wp\/v2\/types\/page"}],"author":[{"embeddable":true,"href":"https:\/\/massatechnic.com\/index.php\/wp-json\/wp\/v2\/users\/1"}],"replies":[{"embeddable":true,"href":"https:\/\/massatechnic.com\/index.php\/wp-json\/wp\/v2\/comments?post=222"}],"version-history":[{"count":4,"href":"https:\/\/massatechnic.com\/index.php\/wp-json\/wp\/v2\/pages\/222\/revisions"}],"predecessor-version":[{"id":365,"href":"https:\/\/massatechnic.com\/index.php\/wp-json\/wp\/v2\/pages\/222\/revisions\/365"}],"wp:attachment":[{"href":"https:\/\/massatechnic.com\/index.php\/wp-json\/wp\/v2\/media?parent=222"}],"curies":[{"name":"wp","href":"https:\/\/api.w.org\/{rel}","templated":true}]}}