{"id":39,"date":"2023-05-11T16:48:25","date_gmt":"2023-05-11T16:48:25","guid":{"rendered":"https:\/\/massatechnic.com\/index.php\/one-page-express\/"},"modified":"2023-11-23T06:54:54","modified_gmt":"2023-11-23T05:54:54","slug":"massatechnic-kft-a-kornyezetvedelem-mindannyiunk-felelossege","status":"publish","type":"page","link":"https:\/\/massatechnic.com\/","title":{"rendered":"Front Page"},"content":{"rendered":"<div  id=\"overlapable-2\" style=\"background-color: rgb(246, 246, 246);\" data-label=\"Overlapable\" data-id=\"stripped-coloured-icon-boxes\" data-category=\"overlapable\" class=\"features-coloured-icon-boxes-section\" data-overlap=\"true\"> <div  class=\"\"> <div  class=\"features-coloured-icon-boxes-innerrow flexbox-list dark-text\" data-type=\"row\"> <div  class=\"features-coloured-icon-boxes-featurecol cp6cols\"> <div  class=\"features-coloured-icon-boxes-iconcontainer\" data-content-item-container=\"true\"> <i  data-cp-fa=\"true\" class=\"features-coloured-icon fa fa-bolt\"><\/i> <\/div> <h4  class=\"\">Elektronikai hullad\u00e9k<\/h4> <p  class=\"\">V\u00e1llaljuk az \u00f6sszes elektronikai hullad\u00e9k t\u00edpus\u00e1nak feldolgoz\u00e1s\u00e1t \u00e9s hasznos\u00edt\u00e1s\u00e1t, legyen az alacsony vagy magas f\u00e9mtartalm\u00fa anyagokr\u00f3l sz\u00f3.&nbsp;<\/p> <a class=\"features-coloured-button\" href=\"https:\/\/massatechnic.com\/index.php\/elektronikai-hulladek\/#page-content\" target=\"_self\" rel=\"noopener\">B\u0151vebben<\/a> <\/div> <div  class=\"features-coloured-icon-boxes-featurecol cp6cols\"> <div  class=\"features-coloured-icon-boxes-iconcontainer\" data-content-item-container=\"true\"> <i  data-cp-fa=\"true\" class=\"features-coloured-icon fa fa-recycle\"><\/i> <\/div> <h4  class=\"\">Hullad\u00e9kkezel\u00e9s\n<\/h4> <p  class=\"\">C\u00e9lunk, hogy min\u00e9l t\u00f6bb \u00e9rt\u00e9ket oszthassunk meg a partnereinkkel, \u00e9s k\u00f6z\u00f6sen tegy\u00fck a k\u00f6rnyezetv\u00e9delmi szempontokat el\u0151t\u00e9rbe a gazdas\u00e1gi hat\u00e9konys\u00e1ggal egy\u00fctt.<\/p> <a class=\"features-coloured-button\" href=\"https:\/\/massatechnic.com\/index.php\/veszelyes-hulladekok\" target=\"_self\" rel=\"noopener\">B\u0151vebben<\/a> <\/div>   <\/div> <\/div><\/div><div  id=\"about-1\" style=\"background-color: rgb(246, 246, 246);\" data-label=\"About\" data-id=\"about-big-images-section\" data-category=\"about\" class=\"about-big-images-section\"> <div  class=\"\"> <div  class=\"about-big-images-textrow\"> <div  class=\"about-big-images-textcol dynamic-color\" data-type=\"column\"> <h5  class=\"\">Az elektronikai hullad\u00e9k kezel\u00e9s\u00e9ben seg\u00edt\u00fcnk \u2013 mert a k\u00f6rnyezetv\u00e9delem mindannyiunk felel\u0151ss\u00e9ge!<\/h5> <h3  class=\"\">Mott\u00f3nk:&nbsp;K\u00f6z\u00f6s er\u0151vel n\u00f6velj\u00fck meg egy\u00fctt elektromos eszk\u00f6zeink \u00e9lettartam\u00e1t, ez\u00e1ltal F\u00f6ld\u00fcnk k\u00f6rnyezeti terhel\u00e9s\u00e9t hossz\u00fa t\u00e1von cs\u00f6kkentj\u00fck.<\/h3> <p  class=\"\">Az elektronikai hullad\u00e9kok kezel\u00e9se \u00e9s hasznos\u00edt\u00e1sa rendk\u00edv\u00fcl fontos a k\u00f6rnyezetv\u00e9delem \u00e9s az er\u0151forr\u00e1s-hat\u00e9konys\u00e1g szempontj\u00e1b\u00f3l. A modern technol\u00f3gia fejl\u0151d\u00e9s\u00e9vel az elektronikai term\u00e9kek v\u00e1ltozatosak, \u00edgy elt\u00e9r\u0151 t\u00edpus\u00fa \u00e9s fajt\u00e1j\u00fa hullad\u00e9kokr\u00f3l besz\u00e9lhet\u00fcnk. Az elektronikai hullad\u00e9k kezel\u00e9se sor\u00e1n fontos az alapos szelekt\u00e1l\u00e1s \u00e9s a megfelel\u0151 feldolgoz\u00e1si m\u00f3dszer kiv\u00e1laszt\u00e1sa. Az alacsony vagy magas f\u00e9mtartalm\u00fa anyagok, valamint m\u00e1s elektronikai hullad\u00e9kfajt\u00e1k (pl. m\u0171anyagok, \u00fcvegek) \u00fajrahasznos\u00edt\u00e1s\u00e1val lehet\u0151s\u00e9g van a dr\u00e1g\u00e1bb \u00e9s nehezebben hozz\u00e1f\u00e9rhet\u0151 nyersanyagok p\u00f3tl\u00e1s\u00e1ra. Az elektronikai hullad\u00e9kok \u00fajrahasznos\u00edt\u00e1sa seg\u00edt cs\u00f6kkenteni a k\u00f6rnyezeti terhel\u00e9st, a hullad\u00e9klerak\u00f3k m\u00e9ret\u00e9t \u00e9s a nyersanyagok felhaszn\u00e1l\u00e1s\u00e1t.<\/p>  <\/div> <\/div> <\/div> <div  class=\"about-big-images-bottomrow\"> <div  class=\"about-big-images-leftimgcol\"><img  decoding=\"async\" class=\"about-big-images-leftimg jetpack-lazy-image jetpack-lazy-image--hled\" src=\"https:\/\/massatechnic.com\/wp-content\/uploads\/2023\/05\/IMG_2069-1-scaled.jpeg\" data-lazy-loaded=\"1\" alt=\"\"> <\/div> <div  class=\"about-big-images-centerimgcol\"><img  decoding=\"async\" class=\"about-big-images-centerimg jetpack-lazy-image jetpack-lazy-image--hled\" src=\"https:\/\/massatechnic.com\/wp-content\/uploads\/2023\/05\/Kepernyofoto-2023-05-11-20.09.34.jpeg\" data-lazy-loaded=\"1\" alt=\"\"> <\/div> <div  class=\"about-big-images-rightimgcol\"><img  decoding=\"async\" class=\"about-big-images-rightimg jetpack-lazy-image jetpack-lazy-image--hled\" src=\"https:\/\/massatechnic.com\/wp-content\/uploads\/2023\/05\/IMG_2071-1-scaled.jpeg\" data-lazy-loaded=\"1\" alt=\"\"> <\/div> <\/div> <\/div><div  id=\"content-3\" style=\"background-color: #ffffff;\" data-label=\"Content\" data-id=\"content-image-left\" data-category=\"content\" class=\"content-left-image-section\"> <div  class=\"gridContainer\"> <div  class=\"row\"> <div  class=\"content-left-image-imgcol\" data-type=\"column\"> <img  decoding=\"async\" src=\"https:\/\/massatechnic.com\/wp-content\/uploads\/2023\/05\/Ehulladek16.jpeg\" class=\"jetpack-lazy-image jetpack-lazy-image--hled\" data-lazy-loaded=\"1\" alt=\"\"> <\/div> <div  class=\"content-left-image-textcol dynamic-color\" data-type=\"column\">  <p  class=\"large_text\">T\u00f6bb mint 20 \u00e9vre visszatekint\u0151 dinamikusan fejl\u0151d\u0151 v\u00e1llalkoz\u00e1sunk.<\/p> <a class=\"button blue\" href=\"https:\/\/massatechnic.com\/index.php\/rolunk\" target=\"_self\" rel=\"noopener\"> B\u0151vebben <\/a> <\/div> <\/div> <\/div> <\/div><div  id=\"cta-1\" data-label=\"Call to action\" data-id=\"cta-blue-section\" data-category=\"cta\" class=\"cta-blue-section\"> <div  class=\"gridContainer\"> <div  class=\"flexbox-list flexbox-list-align-center row\"> <div  class=\"cta-blue-textcol dynamic-color\"> <h2  class=\"cta-blue-text\"> <b  class=\"element2\"> V\u00e1rjuk jelentkez\u00e9s\u00e9t. &nbsp;<\/b><\/h2> <\/div> <div  class=\"cta-blue-btncol\"> <a class=\"button big yellow dark-text\" href=\"#\" target=\"_self\" rel=\"noopener\"> H\u00edvjon minket <\/a> <\/div> <\/div> <\/div> <\/div><div  id=\"numbers\" data-label=\"Numbers\" data-id=\"numbers-section\" data-category=\"numbers\" data-bg=\"transparent\" class=\"numbers-section\" data-parallax-depth=\"20\"> <div  class=\"gridContainer dynamic-color\"> <div  class=\"numbers-itemcol\"> <h2  class=\"numbers-numbertext\">230<\/h2> <h3  class=\"numbers-titletext\">Projekt<\/h3> <\/div> <div  class=\"numbers-itemcol\"> <h2  class=\"numbers-numbertext\">75340<\/h2> <h3  class=\"numbers-titletext\">Munka\u00f3ra<\/h3> <\/div> <div  class=\"numbers-itemcol-last\"> <h2  class=\"numbers-numbertext\">250<\/h2> <h3  class=\"numbers-titletext\">\u00dcgyf\u00e9l<\/h3> <\/div> <\/div><\/div><div  id=\"contact-4\" data-label=\"Contact\" data-id=\"contact-section\" data-category=\"contact\" data-bg=\"transparent\" class=\"contact-section-formsection white-text\"> <div  class=\"gridContainer\"> <div  class=\"row_224\"> <div  class=\"contact-textrow\"> <div  class=\"contact-textcol dynamic-color\"> <h2  class=\"\">El\u00e9gedetts\u00e9g<\/h2> <p  class=\"white_text\">Az \u00fcgyfeleinkt\u0151l \u00e9rkez\u0151 pozit\u00edv visszajelz\u00e9sek a legnagyobb elismer\u00e9st jelentik sz\u00e1munkra. Sz\u00e1mos el\u00e9gedett \u00fcgyf\u00e9llel dolgozunk egy\u00fctt, akik elismerik a c\u00e9g\u00fcnk k\u00f6rnyezettudatos szeml\u00e9letm\u00f3dj\u00e1t, rugalmass\u00e1g\u00e1t \u00e9s magas sz\u00ednvonal\u00fa szolg\u00e1ltat\u00e1sait. \u00dcgyfeleinknek mindig az els\u0151 a priorit\u00e1s, \u00e9s mindent megtesz\u00fcnk az\u00e9rt, hogy el\u00e9gedettek legyenek vel\u00fcnk. A pozit\u00edv visszajelz\u00e9sek arra \u00f6szt\u00f6n\u00f6znek minket, hogy tov\u00e1bbra is a legjobb szolg\u00e1ltat\u00e1st ny\u00fajtsuk \u00fcgyfeleink sz\u00e1m\u00e1ra.<\/p> <\/div> <\/div> <\/div> <div  class=\"contact-formcol\" data-content-shortcode=\"one_page_express_contact_form shortcode=&quot;061 220 4873&quot;\" data-editable=\"true\">[061 220 4873]<\/div> <\/div><\/div>","protected":false},"excerpt":{"rendered":"<p>Elektronikai hullad\u00e9k V\u00e1llaljuk az \u00f6sszes elektronikai hullad\u00e9k t\u00edpus\u00e1nak feldolgoz\u00e1s\u00e1t \u00e9s hasznos\u00edt\u00e1s\u00e1t, legyen az alacsony vagy magas f\u00e9mtartalm\u00fa anyagokr\u00f3l sz\u00f3.&nbsp; B\u0151vebben Hullad\u00e9kkezel\u00e9s C\u00e9lunk, hogy min\u00e9l t\u00f6bb \u00e9rt\u00e9ket oszthassunk meg a partnereinkkel, \u00e9s k\u00f6z\u00f6sen tegy\u00fck a k\u00f6rnyezetv\u00e9delmi szempontokat el\u0151t\u00e9rbe a gazdas\u00e1gi hat\u00e9konys\u00e1ggal egy\u00fctt. B\u0151vebben Az elektronikai hullad\u00e9k kezel\u00e9s\u00e9ben seg\u00edt\u00fcnk \u2013 mert a k\u00f6rnyezetv\u00e9delem mindannyiunk felel\u0151ss\u00e9ge! Mott\u00f3nk:&nbsp;K\u00f6z\u00f6s er\u0151vel&hellip; <br \/> <a class=\"button small blue\" href=\"https:\/\/massatechnic.com\/index.php\/2023\/05\/11\/hello-world\/\">Read more<\/a><\/p>\n","protected":false},"author":1,"featured_media":0,"parent":0,"menu_order":0,"comment_status":"closed","ping_status":"closed","template":"","meta":{"cybocfi_hide_featured_image":"","footnotes":""},"class_list":["post-39","page","type-page","status-publish","hentry"],"yoast_head":"<!-- This site is optimized with the Yoast SEO Premium plugin v21.8 (Yoast SEO v21.8) - https:\/\/yoast.com\/wordpress\/plugins\/seo\/ -->\n<title>Massatechnic Kft.- A k\u00f6rnyezetv\u00e9delem mindannyiunk felel\u0151ss\u00e9ge!<\/title>\n<meta name=\"description\" content=\"ELEKTRONIKAI HULLAD\u00c9KOK KEZEL\u00c9SE \u00c9S \u00daJRAHASZNOS\u00cdT\u00c1SA - A K\u00d6RNYEZETTUDATOS J\u00d6V\u0150\u00c9RT.\" \/>\n<meta name=\"robots\" content=\"index, follow, max-snippet:-1, max-image-preview:large, max-video-preview:-1\" \/>\n<link rel=\"canonical\" href=\"https:\/\/massatechnic.com\/\" \/>\n<meta property=\"og:locale\" content=\"hu_HU\" \/>\n<meta property=\"og:type\" content=\"article\" \/>\n<meta property=\"og:title\" content=\"MASSATECHNIC Kft.\" \/>\n<meta property=\"og:description\" content=\"ELEKTRONIKAI HULLAD\u00c9KOK KEZEL\u00c9SE \u00c9S \u00daJRAHASZNOS\u00cdT\u00c1SA - A K\u00d6RNYEZETTUDATOS J\u00d6V\u0150\u00c9RT\" \/>\n<meta property=\"og:url\" content=\"https:\/\/massatechnic.com\/\" \/>\n<meta property=\"og:site_name\" content=\"Massatechnic Kft.\" \/>\n<meta property=\"article:modified_time\" content=\"2023-11-23T05:54:54+00:00\" \/>\n<meta property=\"og:image\" content=\"https:\/\/massatechnic.com\/wp-content\/uploads\/2023\/05\/EV-battery-2904737154.jpeg\" \/>\n\t<meta property=\"og:image:width\" content=\"1200\" \/>\n\t<meta property=\"og:image:height\" content=\"800\" \/>\n\t<meta property=\"og:image:type\" content=\"image\/jpeg\" \/>\n<meta name=\"twitter:card\" content=\"summary_large_image\" \/>\n<meta name=\"twitter:title\" content=\"K\u00f6z\u00f6s er\u0151vel n\u00f6velj\u00fck meg egy\u00fctt elektromos eszk\u00f6zeink \u00e9lettartam\u00e1t, ez\u00e1ltal F\u00f6ld\u00fcnk k\u00f6rnyezeti terhel\u00e9s\u00e9t hossz\u00fa t\u00e1von cs\u00f6kkentj\u00fck.\" \/>\n<meta name=\"twitter:description\" content=\"ELEKTRONIKAI HULLAD\u00c9KOK KEZEL\u00c9SE \u00c9S \u00daJRAHASZNOS\u00cdT\u00c1SA - A K\u00d6RNYEZETTUDATOS J\u00d6V\u0150\u00c9RT\" \/>\n<meta name=\"twitter:label1\" content=\"Becs\u00fclt olvas\u00e1si id\u0151\" \/>\n\t<meta name=\"twitter:data1\" content=\"5 perc\" \/>\n<script type=\"application\/ld+json\" class=\"yoast-schema-graph\">{\"@context\":\"https:\/\/schema.org\",\"@graph\":[{\"@type\":\"WebPage\",\"@id\":\"https:\/\/massatechnic.com\/\",\"url\":\"https:\/\/massatechnic.com\/\",\"name\":\"Massatechnic Kft.- A k\u00f6rnyezetv\u00e9delem mindannyiunk felel\u0151ss\u00e9ge!\",\"isPartOf\":{\"@id\":\"https:\/\/massatechnic.com\/#website\"},\"datePublished\":\"2023-05-11T16:48:25+00:00\",\"dateModified\":\"2023-11-23T05:54:54+00:00\",\"description\":\"ELEKTRONIKAI HULLAD\u00c9KOK KEZEL\u00c9SE \u00c9S \u00daJRAHASZNOS\u00cdT\u00c1SA - A K\u00d6RNYEZETTUDATOS J\u00d6V\u0150\u00c9RT.\",\"breadcrumb\":{\"@id\":\"https:\/\/massatechnic.com\/#breadcrumb\"},\"inLanguage\":\"hu\",\"potentialAction\":[{\"@type\":\"ReadAction\",\"target\":[\"https:\/\/massatechnic.com\/\"]}]},{\"@type\":\"BreadcrumbList\",\"@id\":\"https:\/\/massatechnic.com\/#breadcrumb\",\"itemListElement\":[{\"@type\":\"ListItem\",\"position\":1,\"name\":\"Kezd\u0151lap\",\"item\":\"https:\/\/massatechnic.com\/\"},{\"@type\":\"ListItem\",\"position\":2,\"name\":\"Front Page\"}]},{\"@type\":\"WebSite\",\"@id\":\"https:\/\/massatechnic.com\/#website\",\"url\":\"https:\/\/massatechnic.com\/\",\"name\":\"Massatechnic - A fenntarthat\u00f3s\u00e1g\u00e9rt - a j\u00f6v\u0151 gener\u00e1ci\u00f3i\u00e9rt\",\"description\":\"K\u00f6z\u00f6s er\u0151vel n\u00f6velj\u00fck meg egy\u00fctt elektromos eszk\u00f6zeink \u00e9lettartam\u00e1t, ez\u00e1ltal F\u00f6ld\u00fcnk k\u00f6rnyezeti terhel\u00e9s\u00e9t hossz\u00fa t\u00e1von cs\u00f6kkentj\u00fck.\",\"publisher\":{\"@id\":\"https:\/\/massatechnic.com\/#organization\"},\"alternateName\":\"K\u00f6z\u00f6s er\u0151vel n\u00f6velj\u00fck meg egy\u00fctt elektromos eszk\u00f6zeink \u00e9lettartam\u00e1t, ez\u00e1ltal F\u00f6ld\u00fcnk k\u00f6rnyezeti terhel\u00e9s\u00e9t hossz\u00fa t\u00e1von cs\u00f6kkentj\u00fck.\",\"potentialAction\":[{\"@type\":\"SearchAction\",\"target\":{\"@type\":\"EntryPoint\",\"urlTemplate\":\"https:\/\/massatechnic.com\/?s={search_term_string}\"},\"query-input\":\"required name=search_term_string\"}],\"inLanguage\":\"hu\"},{\"@type\":\"Organization\",\"@id\":\"https:\/\/massatechnic.com\/#organization\",\"name\":\"Massatechnic - A fenntarthat\u00f3s\u00e1g\u00e9rt - a j\u00f6v\u0151 gener\u00e1ci\u00f3i\u00e9rt\",\"url\":\"https:\/\/massatechnic.com\/\",\"logo\":{\"@type\":\"ImageObject\",\"inLanguage\":\"hu\",\"@id\":\"https:\/\/massatechnic.com\/#\/schema\/logo\/image\/\",\"url\":\"https:\/\/massatechnic.com\/wp-content\/uploads\/2023\/05\/massatechnic.jpg\",\"contentUrl\":\"https:\/\/massatechnic.com\/wp-content\/uploads\/2023\/05\/massatechnic.jpg\",\"width\":2097,\"height\":1499,\"caption\":\"Massatechnic - A fenntarthat\u00f3s\u00e1g\u00e9rt - a j\u00f6v\u0151 gener\u00e1ci\u00f3i\u00e9rt\"},\"image\":{\"@id\":\"https:\/\/massatechnic.com\/#\/schema\/logo\/image\/\"}}]}<\/script>\n<!-- \/ Yoast SEO Premium plugin. -->","yoast_head_json":{"title":"Massatechnic Kft.- A k\u00f6rnyezetv\u00e9delem mindannyiunk felel\u0151ss\u00e9ge!","description":"ELEKTRONIKAI HULLAD\u00c9KOK KEZEL\u00c9SE \u00c9S \u00daJRAHASZNOS\u00cdT\u00c1SA - A K\u00d6RNYEZETTUDATOS J\u00d6V\u0150\u00c9RT.","robots":{"index":"index","follow":"follow","max-snippet":"max-snippet:-1","max-image-preview":"max-image-preview:large","max-video-preview":"max-video-preview:-1"},"canonical":"https:\/\/massatechnic.com\/","og_locale":"hu_HU","og_type":"article","og_title":"MASSATECHNIC Kft.","og_description":"ELEKTRONIKAI HULLAD\u00c9KOK KEZEL\u00c9SE \u00c9S \u00daJRAHASZNOS\u00cdT\u00c1SA - A K\u00d6RNYEZETTUDATOS J\u00d6V\u0150\u00c9RT","og_url":"https:\/\/massatechnic.com\/","og_site_name":"Massatechnic Kft.","article_modified_time":"2023-11-23T05:54:54+00:00","og_image":[{"width":1200,"height":800,"url":"https:\/\/massatechnic.com\/wp-content\/uploads\/2023\/05\/EV-battery-2904737154.jpeg","type":"image\/jpeg"}],"twitter_card":"summary_large_image","twitter_title":"K\u00f6z\u00f6s er\u0151vel n\u00f6velj\u00fck meg egy\u00fctt elektromos eszk\u00f6zeink \u00e9lettartam\u00e1t, ez\u00e1ltal F\u00f6ld\u00fcnk k\u00f6rnyezeti terhel\u00e9s\u00e9t hossz\u00fa t\u00e1von cs\u00f6kkentj\u00fck.","twitter_description":"ELEKTRONIKAI HULLAD\u00c9KOK KEZEL\u00c9SE \u00c9S \u00daJRAHASZNOS\u00cdT\u00c1SA - A K\u00d6RNYEZETTUDATOS J\u00d6V\u0150\u00c9RT","twitter_misc":{"Becs\u00fclt olvas\u00e1si id\u0151":"5 perc"},"schema":{"@context":"https:\/\/schema.org","@graph":[{"@type":"WebPage","@id":"https:\/\/massatechnic.com\/","url":"https:\/\/massatechnic.com\/","name":"Massatechnic Kft.- A k\u00f6rnyezetv\u00e9delem mindannyiunk felel\u0151ss\u00e9ge!","isPartOf":{"@id":"https:\/\/massatechnic.com\/#website"},"datePublished":"2023-05-11T16:48:25+00:00","dateModified":"2023-11-23T05:54:54+00:00","description":"ELEKTRONIKAI HULLAD\u00c9KOK KEZEL\u00c9SE \u00c9S \u00daJRAHASZNOS\u00cdT\u00c1SA - A K\u00d6RNYEZETTUDATOS J\u00d6V\u0150\u00c9RT.","breadcrumb":{"@id":"https:\/\/massatechnic.com\/#breadcrumb"},"inLanguage":"hu","potentialAction":[{"@type":"ReadAction","target":["https:\/\/massatechnic.com\/"]}]},{"@type":"BreadcrumbList","@id":"https:\/\/massatechnic.com\/#breadcrumb","itemListElement":[{"@type":"ListItem","position":1,"name":"Kezd\u0151lap","item":"https:\/\/massatechnic.com\/"},{"@type":"ListItem","position":2,"name":"Front Page"}]},{"@type":"WebSite","@id":"https:\/\/massatechnic.com\/#website","url":"https:\/\/massatechnic.com\/","name":"Massatechnic - A fenntarthat\u00f3s\u00e1g\u00e9rt - a j\u00f6v\u0151 gener\u00e1ci\u00f3i\u00e9rt","description":"K\u00f6z\u00f6s er\u0151vel n\u00f6velj\u00fck meg egy\u00fctt elektromos eszk\u00f6zeink \u00e9lettartam\u00e1t, ez\u00e1ltal F\u00f6ld\u00fcnk k\u00f6rnyezeti terhel\u00e9s\u00e9t hossz\u00fa t\u00e1von cs\u00f6kkentj\u00fck.","publisher":{"@id":"https:\/\/massatechnic.com\/#organization"},"alternateName":"K\u00f6z\u00f6s er\u0151vel n\u00f6velj\u00fck meg egy\u00fctt elektromos eszk\u00f6zeink \u00e9lettartam\u00e1t, ez\u00e1ltal F\u00f6ld\u00fcnk k\u00f6rnyezeti terhel\u00e9s\u00e9t hossz\u00fa t\u00e1von cs\u00f6kkentj\u00fck.","potentialAction":[{"@type":"SearchAction","target":{"@type":"EntryPoint","urlTemplate":"https:\/\/massatechnic.com\/?s={search_term_string}"},"query-input":"required name=search_term_string"}],"inLanguage":"hu"},{"@type":"Organization","@id":"https:\/\/massatechnic.com\/#organization","name":"Massatechnic - A fenntarthat\u00f3s\u00e1g\u00e9rt - a j\u00f6v\u0151 gener\u00e1ci\u00f3i\u00e9rt","url":"https:\/\/massatechnic.com\/","logo":{"@type":"ImageObject","inLanguage":"hu","@id":"https:\/\/massatechnic.com\/#\/schema\/logo\/image\/","url":"https:\/\/massatechnic.com\/wp-content\/uploads\/2023\/05\/massatechnic.jpg","contentUrl":"https:\/\/massatechnic.com\/wp-content\/uploads\/2023\/05\/massatechnic.jpg","width":2097,"height":1499,"caption":"Massatechnic - A fenntarthat\u00f3s\u00e1g\u00e9rt - a j\u00f6v\u0151 gener\u00e1ci\u00f3i\u00e9rt"},"image":{"@id":"https:\/\/massatechnic.com\/#\/schema\/logo\/image\/"}}]}},"_links":{"self":[{"href":"https:\/\/massatechnic.com\/index.php\/wp-json\/wp\/v2\/pages\/39","targetHints":{"allow":["GET"]}}],"collection":[{"href":"https:\/\/massatechnic.com\/index.php\/wp-json\/wp\/v2\/pages"}],"about":[{"href":"https:\/\/massatechnic.com\/index.php\/wp-json\/wp\/v2\/types\/page"}],"author":[{"embeddable":true,"href":"https:\/\/massatechnic.com\/index.php\/wp-json\/wp\/v2\/users\/1"}],"replies":[{"embeddable":true,"href":"https:\/\/massatechnic.com\/index.php\/wp-json\/wp\/v2\/comments?post=39"}],"version-history":[{"count":22,"href":"https:\/\/massatechnic.com\/index.php\/wp-json\/wp\/v2\/pages\/39\/revisions"}],"predecessor-version":[{"id":376,"href":"https:\/\/massatechnic.com\/index.php\/wp-json\/wp\/v2\/pages\/39\/revisions\/376"}],"wp:attachment":[{"href":"https:\/\/massatechnic.com\/index.php\/wp-json\/wp\/v2\/media?parent=39"}],"curies":[{"name":"wp","href":"https:\/\/api.w.org\/{rel}","templated":true}]}}