{"id":68,"date":"2023-05-11T17:18:51","date_gmt":"2023-05-11T17:18:51","guid":{"rendered":"https:\/\/massatechnic.com\/?page_id=68"},"modified":"2023-05-11T17:18:51","modified_gmt":"2023-05-11T17:18:51","slug":"veszelyes-hulladekok","status":"publish","type":"page","link":"https:\/\/massatechnic.com\/index.php\/veszelyes-hulladekok\/","title":{"rendered":"Vesz\u00e9lyes hullad\u00e9kok"},"content":{"rendered":"<p>Vesz\u00e9lyes hullad\u00e9kok kezel\u00e9se sor\u00e1n a c\u00e9lunk a k\u00f6rnyezetv\u00e9delem \u00e9s a k\u00f6zeg\u00e9szs\u00e9gv\u00e9delem biztos\u00edt\u00e1sa. V\u00e1llaljuk a hullad\u00e9kok gy\u0171jt\u00e9s\u00e9t, sz\u00e1ll\u00edt\u00e1s\u00e1t, t\u00e1rol\u00e1s\u00e1t \u00e9s megsemmis\u00edt\u00e9s\u00e9t, figyelembe v\u00e9ve a vonatkoz\u00f3 t\u00f6rv\u00e9nyi el\u0151\u00edr\u00e1sokat \u00e9s szab\u00e1lyoz\u00e1sokat. Az \u00e1ltalunk alkalmazott technol\u00f3gi\u00e1k biztons\u00e1gos \u00e9s hat\u00e9kony kezel\u00e9st biztos\u00edtanak, \u00e9s lehet\u0151v\u00e9 teszik a vesz\u00e9lyes hullad\u00e9kok \u00fajrahasznos\u00edt\u00e1s\u00e1t is.<\/p>\n","protected":false},"excerpt":{"rendered":"<p>Vesz\u00e9lyes hullad\u00e9kok kezel\u00e9se sor\u00e1n a c\u00e9lunk a k\u00f6rnyezetv\u00e9delem \u00e9s a k\u00f6zeg\u00e9szs\u00e9gv\u00e9delem biztos\u00edt\u00e1sa. V\u00e1llaljuk a hullad\u00e9kok gy\u0171jt\u00e9s\u00e9t, sz\u00e1ll\u00edt\u00e1s\u00e1t, t\u00e1rol\u00e1s\u00e1t \u00e9s megsemmis\u00edt\u00e9s\u00e9t, figyelembe v\u00e9ve a vonatkoz\u00f3 t\u00f6rv\u00e9nyi el\u0151\u00edr\u00e1sokat \u00e9s szab\u00e1lyoz\u00e1sokat. Az \u00e1ltalunk alkalmazott technol\u00f3gi\u00e1k biztons\u00e1gos \u00e9s hat\u00e9kony kezel\u00e9st biztos\u00edtanak, \u00e9s lehet\u0151v\u00e9 teszik a vesz\u00e9lyes hullad\u00e9kok \u00fajrahasznos\u00edt\u00e1s\u00e1t is.<\/p>\n","protected":false},"author":1,"featured_media":0,"parent":0,"menu_order":0,"comment_status":"closed","ping_status":"closed","template":"","meta":{"cybocfi_hide_featured_image":"","footnotes":""},"class_list":["post-68","page","type-page","status-publish","hentry"],"yoast_head":"<!-- This site is optimized with the Yoast SEO Premium plugin v21.8 (Yoast SEO v21.8) - https:\/\/yoast.com\/wordpress\/plugins\/seo\/ -->\n<title>Vesz\u00e9lyes hullad\u00e9kok - Massatechnic Kft.<\/title>\n<meta name=\"robots\" content=\"index, follow, max-snippet:-1, max-image-preview:large, max-video-preview:-1\" \/>\n<link rel=\"canonical\" href=\"https:\/\/massatechnic.com\/index.php\/veszelyes-hulladekok\/\" \/>\n<meta property=\"og:locale\" content=\"hu_HU\" \/>\n<meta property=\"og:type\" content=\"article\" \/>\n<meta property=\"og:title\" content=\"Vesz\u00e9lyes hullad\u00e9kok\" \/>\n<meta property=\"og:description\" content=\"Vesz\u00e9lyes hullad\u00e9kok kezel\u00e9se sor\u00e1n a c\u00e9lunk a k\u00f6rnyezetv\u00e9delem \u00e9s a k\u00f6zeg\u00e9szs\u00e9gv\u00e9delem biztos\u00edt\u00e1sa. V\u00e1llaljuk a hullad\u00e9kok gy\u0171jt\u00e9s\u00e9t, sz\u00e1ll\u00edt\u00e1s\u00e1t, t\u00e1rol\u00e1s\u00e1t \u00e9s megsemmis\u00edt\u00e9s\u00e9t, figyelembe v\u00e9ve a vonatkoz\u00f3 t\u00f6rv\u00e9nyi el\u0151\u00edr\u00e1sokat \u00e9s szab\u00e1lyoz\u00e1sokat. Az \u00e1ltalunk alkalmazott technol\u00f3gi\u00e1k biztons\u00e1gos \u00e9s hat\u00e9kony kezel\u00e9st biztos\u00edtanak, \u00e9s lehet\u0151v\u00e9 teszik a vesz\u00e9lyes hullad\u00e9kok \u00fajrahasznos\u00edt\u00e1s\u00e1t is.\" \/>\n<meta property=\"og:url\" content=\"https:\/\/massatechnic.com\/index.php\/veszelyes-hulladekok\/\" \/>\n<meta property=\"og:site_name\" content=\"Massatechnic Kft.\" \/>\n<meta property=\"og:image\" content=\"https:\/\/massatechnic.com\/wp-content\/uploads\/2023\/05\/massatechnic.jpeg\" \/>\n\t<meta property=\"og:image:width\" content=\"2097\" \/>\n\t<meta property=\"og:image:height\" content=\"2097\" \/>\n\t<meta property=\"og:image:type\" content=\"image\/jpeg\" \/>\n<meta name=\"twitter:card\" content=\"summary_large_image\" \/>\n<script type=\"application\/ld+json\" class=\"yoast-schema-graph\">{\"@context\":\"https:\/\/schema.org\",\"@graph\":[{\"@type\":\"WebPage\",\"@id\":\"https:\/\/massatechnic.com\/index.php\/veszelyes-hulladekok\/\",\"url\":\"https:\/\/massatechnic.com\/index.php\/veszelyes-hulladekok\/\",\"name\":\"Vesz\u00e9lyes hullad\u00e9kok - Massatechnic Kft.\",\"isPartOf\":{\"@id\":\"https:\/\/massatechnic.com\/#website\"},\"datePublished\":\"2023-05-11T17:18:51+00:00\",\"dateModified\":\"2023-05-11T17:18:51+00:00\",\"breadcrumb\":{\"@id\":\"https:\/\/massatechnic.com\/index.php\/veszelyes-hulladekok\/#breadcrumb\"},\"inLanguage\":\"hu\",\"potentialAction\":[{\"@type\":\"ReadAction\",\"target\":[\"https:\/\/massatechnic.com\/index.php\/veszelyes-hulladekok\/\"]}]},{\"@type\":\"BreadcrumbList\",\"@id\":\"https:\/\/massatechnic.com\/index.php\/veszelyes-hulladekok\/#breadcrumb\",\"itemListElement\":[{\"@type\":\"ListItem\",\"position\":1,\"name\":\"Kezd\u0151lap\",\"item\":\"https:\/\/massatechnic.com\/\"},{\"@type\":\"ListItem\",\"position\":2,\"name\":\"Vesz\u00e9lyes hullad\u00e9kok\"}]},{\"@type\":\"WebSite\",\"@id\":\"https:\/\/massatechnic.com\/#website\",\"url\":\"https:\/\/massatechnic.com\/\",\"name\":\"Massatechnic - A fenntarthat\u00f3s\u00e1g\u00e9rt - a j\u00f6v\u0151 gener\u00e1ci\u00f3i\u00e9rt\",\"description\":\"K\u00f6z\u00f6s er\u0151vel n\u00f6velj\u00fck meg egy\u00fctt elektromos eszk\u00f6zeink \u00e9lettartam\u00e1t, ez\u00e1ltal F\u00f6ld\u00fcnk k\u00f6rnyezeti terhel\u00e9s\u00e9t hossz\u00fa t\u00e1von cs\u00f6kkentj\u00fck.\",\"publisher\":{\"@id\":\"https:\/\/massatechnic.com\/#organization\"},\"alternateName\":\"K\u00f6z\u00f6s er\u0151vel n\u00f6velj\u00fck meg egy\u00fctt elektromos eszk\u00f6zeink \u00e9lettartam\u00e1t, ez\u00e1ltal F\u00f6ld\u00fcnk k\u00f6rnyezeti terhel\u00e9s\u00e9t hossz\u00fa t\u00e1von cs\u00f6kkentj\u00fck.\",\"potentialAction\":[{\"@type\":\"SearchAction\",\"target\":{\"@type\":\"EntryPoint\",\"urlTemplate\":\"https:\/\/massatechnic.com\/?s={search_term_string}\"},\"query-input\":\"required name=search_term_string\"}],\"inLanguage\":\"hu\"},{\"@type\":\"Organization\",\"@id\":\"https:\/\/massatechnic.com\/#organization\",\"name\":\"Massatechnic - A fenntarthat\u00f3s\u00e1g\u00e9rt - a j\u00f6v\u0151 gener\u00e1ci\u00f3i\u00e9rt\",\"url\":\"https:\/\/massatechnic.com\/\",\"logo\":{\"@type\":\"ImageObject\",\"inLanguage\":\"hu\",\"@id\":\"https:\/\/massatechnic.com\/#\/schema\/logo\/image\/\",\"url\":\"https:\/\/massatechnic.com\/wp-content\/uploads\/2023\/05\/massatechnic.jpg\",\"contentUrl\":\"https:\/\/massatechnic.com\/wp-content\/uploads\/2023\/05\/massatechnic.jpg\",\"width\":2097,\"height\":1499,\"caption\":\"Massatechnic - A fenntarthat\u00f3s\u00e1g\u00e9rt - a j\u00f6v\u0151 gener\u00e1ci\u00f3i\u00e9rt\"},\"image\":{\"@id\":\"https:\/\/massatechnic.com\/#\/schema\/logo\/image\/\"}}]}<\/script>\n<!-- \/ Yoast SEO Premium plugin. -->","yoast_head_json":{"title":"Vesz\u00e9lyes hullad\u00e9kok - Massatechnic Kft.","robots":{"index":"index","follow":"follow","max-snippet":"max-snippet:-1","max-image-preview":"max-image-preview:large","max-video-preview":"max-video-preview:-1"},"canonical":"https:\/\/massatechnic.com\/index.php\/veszelyes-hulladekok\/","og_locale":"hu_HU","og_type":"article","og_title":"Vesz\u00e9lyes hullad\u00e9kok","og_description":"Vesz\u00e9lyes hullad\u00e9kok kezel\u00e9se sor\u00e1n a c\u00e9lunk a k\u00f6rnyezetv\u00e9delem \u00e9s a k\u00f6zeg\u00e9szs\u00e9gv\u00e9delem biztos\u00edt\u00e1sa. V\u00e1llaljuk a hullad\u00e9kok gy\u0171jt\u00e9s\u00e9t, sz\u00e1ll\u00edt\u00e1s\u00e1t, t\u00e1rol\u00e1s\u00e1t \u00e9s megsemmis\u00edt\u00e9s\u00e9t, figyelembe v\u00e9ve a vonatkoz\u00f3 t\u00f6rv\u00e9nyi el\u0151\u00edr\u00e1sokat \u00e9s szab\u00e1lyoz\u00e1sokat. Az \u00e1ltalunk alkalmazott technol\u00f3gi\u00e1k biztons\u00e1gos \u00e9s hat\u00e9kony kezel\u00e9st biztos\u00edtanak, \u00e9s lehet\u0151v\u00e9 teszik a vesz\u00e9lyes hullad\u00e9kok \u00fajrahasznos\u00edt\u00e1s\u00e1t is.","og_url":"https:\/\/massatechnic.com\/index.php\/veszelyes-hulladekok\/","og_site_name":"Massatechnic Kft.","og_image":[{"width":2097,"height":2097,"url":"https:\/\/massatechnic.com\/wp-content\/uploads\/2023\/05\/massatechnic.jpeg","type":"image\/jpeg"}],"twitter_card":"summary_large_image","schema":{"@context":"https:\/\/schema.org","@graph":[{"@type":"WebPage","@id":"https:\/\/massatechnic.com\/index.php\/veszelyes-hulladekok\/","url":"https:\/\/massatechnic.com\/index.php\/veszelyes-hulladekok\/","name":"Vesz\u00e9lyes hullad\u00e9kok - Massatechnic Kft.","isPartOf":{"@id":"https:\/\/massatechnic.com\/#website"},"datePublished":"2023-05-11T17:18:51+00:00","dateModified":"2023-05-11T17:18:51+00:00","breadcrumb":{"@id":"https:\/\/massatechnic.com\/index.php\/veszelyes-hulladekok\/#breadcrumb"},"inLanguage":"hu","potentialAction":[{"@type":"ReadAction","target":["https:\/\/massatechnic.com\/index.php\/veszelyes-hulladekok\/"]}]},{"@type":"BreadcrumbList","@id":"https:\/\/massatechnic.com\/index.php\/veszelyes-hulladekok\/#breadcrumb","itemListElement":[{"@type":"ListItem","position":1,"name":"Kezd\u0151lap","item":"https:\/\/massatechnic.com\/"},{"@type":"ListItem","position":2,"name":"Vesz\u00e9lyes hullad\u00e9kok"}]},{"@type":"WebSite","@id":"https:\/\/massatechnic.com\/#website","url":"https:\/\/massatechnic.com\/","name":"Massatechnic - A fenntarthat\u00f3s\u00e1g\u00e9rt - a j\u00f6v\u0151 gener\u00e1ci\u00f3i\u00e9rt","description":"K\u00f6z\u00f6s er\u0151vel n\u00f6velj\u00fck meg egy\u00fctt elektromos eszk\u00f6zeink \u00e9lettartam\u00e1t, ez\u00e1ltal F\u00f6ld\u00fcnk k\u00f6rnyezeti terhel\u00e9s\u00e9t hossz\u00fa t\u00e1von cs\u00f6kkentj\u00fck.","publisher":{"@id":"https:\/\/massatechnic.com\/#organization"},"alternateName":"K\u00f6z\u00f6s er\u0151vel n\u00f6velj\u00fck meg egy\u00fctt elektromos eszk\u00f6zeink \u00e9lettartam\u00e1t, ez\u00e1ltal F\u00f6ld\u00fcnk k\u00f6rnyezeti terhel\u00e9s\u00e9t hossz\u00fa t\u00e1von cs\u00f6kkentj\u00fck.","potentialAction":[{"@type":"SearchAction","target":{"@type":"EntryPoint","urlTemplate":"https:\/\/massatechnic.com\/?s={search_term_string}"},"query-input":"required name=search_term_string"}],"inLanguage":"hu"},{"@type":"Organization","@id":"https:\/\/massatechnic.com\/#organization","name":"Massatechnic - A fenntarthat\u00f3s\u00e1g\u00e9rt - a j\u00f6v\u0151 gener\u00e1ci\u00f3i\u00e9rt","url":"https:\/\/massatechnic.com\/","logo":{"@type":"ImageObject","inLanguage":"hu","@id":"https:\/\/massatechnic.com\/#\/schema\/logo\/image\/","url":"https:\/\/massatechnic.com\/wp-content\/uploads\/2023\/05\/massatechnic.jpg","contentUrl":"https:\/\/massatechnic.com\/wp-content\/uploads\/2023\/05\/massatechnic.jpg","width":2097,"height":1499,"caption":"Massatechnic - A fenntarthat\u00f3s\u00e1g\u00e9rt - a j\u00f6v\u0151 gener\u00e1ci\u00f3i\u00e9rt"},"image":{"@id":"https:\/\/massatechnic.com\/#\/schema\/logo\/image\/"}}]}},"_links":{"self":[{"href":"https:\/\/massatechnic.com\/index.php\/wp-json\/wp\/v2\/pages\/68","targetHints":{"allow":["GET"]}}],"collection":[{"href":"https:\/\/massatechnic.com\/index.php\/wp-json\/wp\/v2\/pages"}],"about":[{"href":"https:\/\/massatechnic.com\/index.php\/wp-json\/wp\/v2\/types\/page"}],"author":[{"embeddable":true,"href":"https:\/\/massatechnic.com\/index.php\/wp-json\/wp\/v2\/users\/1"}],"replies":[{"embeddable":true,"href":"https:\/\/massatechnic.com\/index.php\/wp-json\/wp\/v2\/comments?post=68"}],"version-history":[{"count":1,"href":"https:\/\/massatechnic.com\/index.php\/wp-json\/wp\/v2\/pages\/68\/revisions"}],"predecessor-version":[{"id":69,"href":"https:\/\/massatechnic.com\/index.php\/wp-json\/wp\/v2\/pages\/68\/revisions\/69"}],"wp:attachment":[{"href":"https:\/\/massatechnic.com\/index.php\/wp-json\/wp\/v2\/media?parent=68"}],"curies":[{"name":"wp","href":"https:\/\/api.w.org\/{rel}","templated":true}]}}