{"id":85,"date":"2023-05-11T17:25:09","date_gmt":"2023-05-11T17:25:09","guid":{"rendered":"https:\/\/massatechnic.com\/?page_id=85"},"modified":"2023-06-26T14:49:28","modified_gmt":"2023-06-26T12:49:28","slug":"karrier","status":"publish","type":"page","link":"https:\/\/massatechnic.com\/index.php\/karrier\/","title":{"rendered":"Karrier"},"content":{"rendered":"<p>Jelenleg nincs nyitott poz\u00edci\u00f3! <\/p>\n","protected":false},"excerpt":{"rendered":"<p>Jelenleg nincs nyitott poz\u00edci\u00f3!<\/p>\n","protected":false},"author":1,"featured_media":0,"parent":0,"menu_order":0,"comment_status":"closed","ping_status":"closed","template":"","meta":{"cybocfi_hide_featured_image":"","footnotes":""},"class_list":["post-85","page","type-page","status-publish","hentry"],"yoast_head":"<!-- This site is optimized with the Yoast SEO Premium plugin v21.8 (Yoast SEO v21.8) - https:\/\/yoast.com\/wordpress\/plugins\/seo\/ -->\n<title>Karrier - Massatechnic Kft.<\/title>\n<meta name=\"robots\" content=\"index, follow, max-snippet:-1, max-image-preview:large, max-video-preview:-1\" \/>\n<link rel=\"canonical\" href=\"https:\/\/massatechnic.com\/index.php\/karrier\/\" \/>\n<meta property=\"og:locale\" content=\"hu_HU\" \/>\n<meta property=\"og:type\" content=\"article\" \/>\n<meta property=\"og:title\" content=\"Karrier\" \/>\n<meta property=\"og:description\" content=\"Jelenleg nincs nyitott poz\u00edci\u00f3!\" \/>\n<meta property=\"og:url\" content=\"https:\/\/massatechnic.com\/index.php\/karrier\/\" \/>\n<meta property=\"og:site_name\" content=\"Massatechnic Kft.\" \/>\n<meta property=\"article:modified_time\" content=\"2023-06-26T12:49:28+00:00\" \/>\n<meta property=\"og:image\" content=\"https:\/\/massatechnic.com\/wp-content\/uploads\/2023\/05\/massatechnic.jpeg\" \/>\n\t<meta property=\"og:image:width\" content=\"2097\" \/>\n\t<meta property=\"og:image:height\" content=\"2097\" \/>\n\t<meta property=\"og:image:type\" content=\"image\/jpeg\" \/>\n<meta name=\"twitter:card\" content=\"summary_large_image\" \/>\n<meta name=\"twitter:label1\" content=\"Becs\u00fclt olvas\u00e1si id\u0151\" \/>\n\t<meta name=\"twitter:data1\" content=\"1 perc\" \/>\n<script type=\"application\/ld+json\" class=\"yoast-schema-graph\">{\"@context\":\"https:\/\/schema.org\",\"@graph\":[{\"@type\":\"WebPage\",\"@id\":\"https:\/\/massatechnic.com\/index.php\/karrier\/\",\"url\":\"https:\/\/massatechnic.com\/index.php\/karrier\/\",\"name\":\"Karrier - Massatechnic Kft.\",\"isPartOf\":{\"@id\":\"https:\/\/massatechnic.com\/#website\"},\"datePublished\":\"2023-05-11T17:25:09+00:00\",\"dateModified\":\"2023-06-26T12:49:28+00:00\",\"breadcrumb\":{\"@id\":\"https:\/\/massatechnic.com\/index.php\/karrier\/#breadcrumb\"},\"inLanguage\":\"hu\",\"potentialAction\":[{\"@type\":\"ReadAction\",\"target\":[\"https:\/\/massatechnic.com\/index.php\/karrier\/\"]}]},{\"@type\":\"BreadcrumbList\",\"@id\":\"https:\/\/massatechnic.com\/index.php\/karrier\/#breadcrumb\",\"itemListElement\":[{\"@type\":\"ListItem\",\"position\":1,\"name\":\"Kezd\u0151lap\",\"item\":\"https:\/\/massatechnic.com\/\"},{\"@type\":\"ListItem\",\"position\":2,\"name\":\"Karrier\"}]},{\"@type\":\"WebSite\",\"@id\":\"https:\/\/massatechnic.com\/#website\",\"url\":\"https:\/\/massatechnic.com\/\",\"name\":\"Massatechnic - A fenntarthat\u00f3s\u00e1g\u00e9rt - a j\u00f6v\u0151 gener\u00e1ci\u00f3i\u00e9rt\",\"description\":\"K\u00f6z\u00f6s er\u0151vel n\u00f6velj\u00fck meg egy\u00fctt elektromos eszk\u00f6zeink \u00e9lettartam\u00e1t, ez\u00e1ltal F\u00f6ld\u00fcnk k\u00f6rnyezeti terhel\u00e9s\u00e9t hossz\u00fa t\u00e1von cs\u00f6kkentj\u00fck.\",\"publisher\":{\"@id\":\"https:\/\/massatechnic.com\/#organization\"},\"alternateName\":\"K\u00f6z\u00f6s er\u0151vel n\u00f6velj\u00fck meg egy\u00fctt elektromos eszk\u00f6zeink \u00e9lettartam\u00e1t, ez\u00e1ltal F\u00f6ld\u00fcnk k\u00f6rnyezeti terhel\u00e9s\u00e9t hossz\u00fa t\u00e1von cs\u00f6kkentj\u00fck.\",\"potentialAction\":[{\"@type\":\"SearchAction\",\"target\":{\"@type\":\"EntryPoint\",\"urlTemplate\":\"https:\/\/massatechnic.com\/?s={search_term_string}\"},\"query-input\":\"required name=search_term_string\"}],\"inLanguage\":\"hu\"},{\"@type\":\"Organization\",\"@id\":\"https:\/\/massatechnic.com\/#organization\",\"name\":\"Massatechnic - A fenntarthat\u00f3s\u00e1g\u00e9rt - a j\u00f6v\u0151 gener\u00e1ci\u00f3i\u00e9rt\",\"url\":\"https:\/\/massatechnic.com\/\",\"logo\":{\"@type\":\"ImageObject\",\"inLanguage\":\"hu\",\"@id\":\"https:\/\/massatechnic.com\/#\/schema\/logo\/image\/\",\"url\":\"https:\/\/massatechnic.com\/wp-content\/uploads\/2023\/05\/massatechnic.jpg\",\"contentUrl\":\"https:\/\/massatechnic.com\/wp-content\/uploads\/2023\/05\/massatechnic.jpg\",\"width\":2097,\"height\":1499,\"caption\":\"Massatechnic - A fenntarthat\u00f3s\u00e1g\u00e9rt - a j\u00f6v\u0151 gener\u00e1ci\u00f3i\u00e9rt\"},\"image\":{\"@id\":\"https:\/\/massatechnic.com\/#\/schema\/logo\/image\/\"}}]}<\/script>\n<!-- \/ Yoast SEO Premium plugin. -->","yoast_head_json":{"title":"Karrier - Massatechnic Kft.","robots":{"index":"index","follow":"follow","max-snippet":"max-snippet:-1","max-image-preview":"max-image-preview:large","max-video-preview":"max-video-preview:-1"},"canonical":"https:\/\/massatechnic.com\/index.php\/karrier\/","og_locale":"hu_HU","og_type":"article","og_title":"Karrier","og_description":"Jelenleg nincs nyitott poz\u00edci\u00f3!","og_url":"https:\/\/massatechnic.com\/index.php\/karrier\/","og_site_name":"Massatechnic Kft.","article_modified_time":"2023-06-26T12:49:28+00:00","og_image":[{"width":2097,"height":2097,"url":"https:\/\/massatechnic.com\/wp-content\/uploads\/2023\/05\/massatechnic.jpeg","type":"image\/jpeg"}],"twitter_card":"summary_large_image","twitter_misc":{"Becs\u00fclt olvas\u00e1si id\u0151":"1 perc"},"schema":{"@context":"https:\/\/schema.org","@graph":[{"@type":"WebPage","@id":"https:\/\/massatechnic.com\/index.php\/karrier\/","url":"https:\/\/massatechnic.com\/index.php\/karrier\/","name":"Karrier - Massatechnic Kft.","isPartOf":{"@id":"https:\/\/massatechnic.com\/#website"},"datePublished":"2023-05-11T17:25:09+00:00","dateModified":"2023-06-26T12:49:28+00:00","breadcrumb":{"@id":"https:\/\/massatechnic.com\/index.php\/karrier\/#breadcrumb"},"inLanguage":"hu","potentialAction":[{"@type":"ReadAction","target":["https:\/\/massatechnic.com\/index.php\/karrier\/"]}]},{"@type":"BreadcrumbList","@id":"https:\/\/massatechnic.com\/index.php\/karrier\/#breadcrumb","itemListElement":[{"@type":"ListItem","position":1,"name":"Kezd\u0151lap","item":"https:\/\/massatechnic.com\/"},{"@type":"ListItem","position":2,"name":"Karrier"}]},{"@type":"WebSite","@id":"https:\/\/massatechnic.com\/#website","url":"https:\/\/massatechnic.com\/","name":"Massatechnic - A fenntarthat\u00f3s\u00e1g\u00e9rt - a j\u00f6v\u0151 gener\u00e1ci\u00f3i\u00e9rt","description":"K\u00f6z\u00f6s er\u0151vel n\u00f6velj\u00fck meg egy\u00fctt elektromos eszk\u00f6zeink \u00e9lettartam\u00e1t, ez\u00e1ltal F\u00f6ld\u00fcnk k\u00f6rnyezeti terhel\u00e9s\u00e9t hossz\u00fa t\u00e1von cs\u00f6kkentj\u00fck.","publisher":{"@id":"https:\/\/massatechnic.com\/#organization"},"alternateName":"K\u00f6z\u00f6s er\u0151vel n\u00f6velj\u00fck meg egy\u00fctt elektromos eszk\u00f6zeink \u00e9lettartam\u00e1t, ez\u00e1ltal F\u00f6ld\u00fcnk k\u00f6rnyezeti terhel\u00e9s\u00e9t hossz\u00fa t\u00e1von cs\u00f6kkentj\u00fck.","potentialAction":[{"@type":"SearchAction","target":{"@type":"EntryPoint","urlTemplate":"https:\/\/massatechnic.com\/?s={search_term_string}"},"query-input":"required name=search_term_string"}],"inLanguage":"hu"},{"@type":"Organization","@id":"https:\/\/massatechnic.com\/#organization","name":"Massatechnic - A fenntarthat\u00f3s\u00e1g\u00e9rt - a j\u00f6v\u0151 gener\u00e1ci\u00f3i\u00e9rt","url":"https:\/\/massatechnic.com\/","logo":{"@type":"ImageObject","inLanguage":"hu","@id":"https:\/\/massatechnic.com\/#\/schema\/logo\/image\/","url":"https:\/\/massatechnic.com\/wp-content\/uploads\/2023\/05\/massatechnic.jpg","contentUrl":"https:\/\/massatechnic.com\/wp-content\/uploads\/2023\/05\/massatechnic.jpg","width":2097,"height":1499,"caption":"Massatechnic - A fenntarthat\u00f3s\u00e1g\u00e9rt - a j\u00f6v\u0151 gener\u00e1ci\u00f3i\u00e9rt"},"image":{"@id":"https:\/\/massatechnic.com\/#\/schema\/logo\/image\/"}}]}},"_links":{"self":[{"href":"https:\/\/massatechnic.com\/index.php\/wp-json\/wp\/v2\/pages\/85","targetHints":{"allow":["GET"]}}],"collection":[{"href":"https:\/\/massatechnic.com\/index.php\/wp-json\/wp\/v2\/pages"}],"about":[{"href":"https:\/\/massatechnic.com\/index.php\/wp-json\/wp\/v2\/types\/page"}],"author":[{"embeddable":true,"href":"https:\/\/massatechnic.com\/index.php\/wp-json\/wp\/v2\/users\/1"}],"replies":[{"embeddable":true,"href":"https:\/\/massatechnic.com\/index.php\/wp-json\/wp\/v2\/comments?post=85"}],"version-history":[{"count":3,"href":"https:\/\/massatechnic.com\/index.php\/wp-json\/wp\/v2\/pages\/85\/revisions"}],"predecessor-version":[{"id":337,"href":"https:\/\/massatechnic.com\/index.php\/wp-json\/wp\/v2\/pages\/85\/revisions\/337"}],"wp:attachment":[{"href":"https:\/\/massatechnic.com\/index.php\/wp-json\/wp\/v2\/media?parent=85"}],"curies":[{"name":"wp","href":"https:\/\/api.w.org\/{rel}","templated":true}]}}